{"id":711,"date":"2025-09-23T07:55:50","date_gmt":"2025-09-23T05:55:50","guid":{"rendered":"https:\/\/metzgereimischabel.ch\/home\/"},"modified":"2025-11-20T10:59:58","modified_gmt":"2025-11-20T09:59:58","slug":"home","status":"publish","type":"page","link":"https:\/\/metzgereimischabel.ch\/en\/","title":{"rendered":"Home"},"content":{"rendered":"\t\t<div data-elementor-type=\"wp-page\" data-elementor-id=\"711\" class=\"elementor elementor-711\" data-elementor-post-type=\"page\">\n\t\t\t\t<div class=\"elementor-element elementor-element-f700be3 fullscreensection e-flex e-con-boxed e-con e-parent\" data-id=\"f700be3\" data-element_type=\"container\" data-e-type=\"container\" data-settings=\"{&quot;background_background&quot;:&quot;slideshow&quot;,&quot;background_slideshow_gallery&quot;:[{&quot;id&quot;:103,&quot;url&quot;:&quot;https:\\\/\\\/metzgereimischabel.ch\\\/wp-content\\\/uploads\\\/2025\\\/09\\\/3R4A9093-scaled.jpg&quot;},{&quot;id&quot;:110,&quot;url&quot;:&quot;https:\\\/\\\/metzgereimischabel.ch\\\/wp-content\\\/uploads\\\/2025\\\/09\\\/3R4A9278-scaled.jpg&quot;},{&quot;id&quot;:113,&quot;url&quot;:&quot;https:\\\/\\\/metzgereimischabel.ch\\\/wp-content\\\/uploads\\\/2025\\\/09\\\/3R4A9330-scaled.jpg&quot;},{&quot;id&quot;:125,&quot;url&quot;:&quot;https:\\\/\\\/metzgereimischabel.ch\\\/wp-content\\\/uploads\\\/2025\\\/09\\\/3R4A9507-scaled.jpg&quot;}],&quot;background_slideshow_transition_duration&quot;:1000,&quot;background_slideshow_lazyload&quot;:&quot;yes&quot;,&quot;background_slideshow_ken_burns&quot;:&quot;yes&quot;,&quot;background_slideshow_ken_burns_zoom_direction&quot;:&quot;out&quot;,&quot;background_slideshow_loop&quot;:&quot;yes&quot;,&quot;background_slideshow_slide_duration&quot;:5000,&quot;background_slideshow_slide_transition&quot;:&quot;fade&quot;}\">\n\t\t\t\t\t<div class=\"e-con-inner\">\n\t\t\t\t<div class=\"elementor-element elementor-element-20d9d9b elementor-widget__width-initial elementor-absolute elementor-widget elementor-widget-image\" data-id=\"20d9d9b\" data-element_type=\"widget\" data-e-type=\"widget\" data-settings=\"{&quot;_position&quot;:&quot;absolute&quot;}\" data-widget_type=\"image.default\">\n\t\t\t\t<div class=\"elementor-widget-container\">\n\t\t\t\t\t\t\t\t\t\t\t\t\t\t\t<img decoding=\"async\" width=\"184\" height=\"41\" src=\"https:\/\/metzgereimischabel.ch\/wp-content\/uploads\/2025\/09\/arrow-down.svg\" class=\"attachment-large size-large wp-image-142\" alt=\"\" \/>\t\t\t\t\t\t\t\t\t\t\t\t\t\t\t<\/div>\n\t\t\t\t<\/div>\n\t\t<div class=\"elementor-element elementor-element-8494942 e-con-full blurcontainer e-flex e-con e-child\" data-id=\"8494942\" data-element_type=\"container\" data-e-type=\"container\">\n\t\t\t\t<div class=\"elementor-element elementor-element-1641503 elementor-absolute elementor-widget__width-initial elementor-widget elementor-widget-image\" data-id=\"1641503\" data-element_type=\"widget\" data-e-type=\"widget\" data-settings=\"{&quot;_position&quot;:&quot;absolute&quot;}\" data-widget_type=\"image.default\">\n\t\t\t\t<div class=\"elementor-widget-container\">\n\t\t\t\t\t\t\t\t\t\t\t\t\t\t\t<img decoding=\"async\" width=\"204\" height=\"31\" src=\"https:\/\/metzgereimischabel.ch\/wp-content\/uploads\/2025\/09\/stars.svg\" class=\"attachment-large size-large wp-image-164\" alt=\"\" \/>\t\t\t\t\t\t\t\t\t\t\t\t\t\t\t<\/div>\n\t\t\t\t<\/div>\n\t\t\t\t<div class=\"elementor-element elementor-element-43d8add elementor-widget elementor-widget-heading\" data-id=\"43d8add\" data-element_type=\"widget\" data-e-type=\"widget\" data-widget_type=\"heading.default\">\n\t\t\t\t<div class=\"elementor-widget-container\">\n\t\t\t\t\t<h1 class=\"elementor-heading-title elementor-size-default\">Mischabel Butcher's Shop, Saas-Fee<\/h1>\t\t\t\t<\/div>\n\t\t\t\t<\/div>\n\t\t\t\t<\/div>\n\t\t\t\t\t<\/div>\n\t\t\t\t<\/div>\n\t\t<div class=\"elementor-element elementor-element-ca41904 intro e-flex e-con-boxed e-con e-parent\" data-id=\"ca41904\" data-element_type=\"container\" data-e-type=\"container\">\n\t\t\t\t\t<div class=\"e-con-inner\">\n\t\t<div class=\"elementor-element elementor-element-988da9a e-con-full e-flex e-con e-child\" data-id=\"988da9a\" data-element_type=\"container\" data-e-type=\"container\">\n\t\t\t\t<div class=\"elementor-element elementor-element-639bade elementor-widget elementor-widget-leadtext\" data-id=\"639bade\" data-element_type=\"widget\" data-e-type=\"widget\" data-widget_type=\"leadtext.default\">\n\t\t\t\t<div class=\"elementor-widget-container\">\n\t\t\t\t\t<div class=\"lead\"><h6>Quality that connects.<\/h6><h1>Mischabel butcher's shop in Saas-Fee<\/h1><p>Whether for hotels, restaurants or private connoisseurs, we offer meat and sausage specialities of the highest quality. We also provide tailor-made catering for weddings, corporate events and family celebrations, including a barbecue service with spit grills and much more.<\/p><\/div>\t\t\t\t<\/div>\n\t\t\t\t<\/div>\n\t\t\t\t<\/div>\n\t\t\t\t\t<\/div>\n\t\t\t\t<\/div>\n\t\t<div class=\"elementor-element elementor-element-bc67c7c quicklink-banner imgright e-flex e-con-boxed e-con e-parent\" data-id=\"bc67c7c\" data-element_type=\"container\" data-e-type=\"container\">\n\t\t\t\t\t<div class=\"e-con-inner\">\n\t\t<div class=\"elementor-element elementor-element-ae19367 e-con-full e-flex e-con e-child\" data-id=\"ae19367\" data-element_type=\"container\" data-e-type=\"container\" data-settings=\"{&quot;background_background&quot;:&quot;classic&quot;}\">\n\t\t\t\t<div class=\"elementor-element elementor-element-74c8935 elementor-widget elementor-widget-text-editor\" data-id=\"74c8935\" data-element_type=\"widget\" data-e-type=\"widget\" data-widget_type=\"text-editor.default\">\n\t\t\t\t<div class=\"elementor-widget-container\">\n\t\t\t\t\t\t\t\t\t<h3>For restaurateurs<\/h3><p>As a reliable partner, we supply restaurateurs with fresh meat and frozen products. Our homemade sausages and specialities are also popular with our customers.<\/p>\t\t\t\t\t\t\t\t<\/div>\n\t\t\t\t<\/div>\n\t\t\t\t<div class=\"elementor-element elementor-element-0f255db elementor-widget elementor-widget-button\" data-id=\"0f255db\" data-element_type=\"widget\" data-e-type=\"widget\" data-widget_type=\"button.default\">\n\t\t\t\t<div class=\"elementor-widget-container\">\n\t\t\t\t\t\t\t\t\t<div class=\"elementor-button-wrapper\">\n\t\t\t\t\t<a class=\"elementor-button elementor-button-link elementor-size-sm\" href=\"https:\/\/metzgereimischabel.ch\/fuer-gastronomen\/\">\n\t\t\t\t\t\t<span class=\"elementor-button-content-wrapper\">\n\t\t\t\t\t\t\t\t\t<span class=\"elementor-button-text\">Learn more<\/span>\n\t\t\t\t\t<\/span>\n\t\t\t\t\t<\/a>\n\t\t\t\t<\/div>\n\t\t\t\t\t\t\t\t<\/div>\n\t\t\t\t<\/div>\n\t\t\t\t<\/div>\n\t\t<div class=\"elementor-element elementor-element-0e7ee63 e-con-full e-flex e-con e-child\" data-id=\"0e7ee63\" data-element_type=\"container\" data-e-type=\"container\">\n\t\t\t\t<div class=\"elementor-element elementor-element-0bbf133 elementor-widget elementor-widget-image\" data-id=\"0bbf133\" data-element_type=\"widget\" data-e-type=\"widget\" data-widget_type=\"image.default\">\n\t\t\t\t<div class=\"elementor-widget-container\">\n\t\t\t\t\t\t\t\t\t\t\t\t\t\t\t<img fetchpriority=\"high\" decoding=\"async\" width=\"768\" height=\"432\" src=\"https:\/\/metzgereimischabel.ch\/wp-content\/uploads\/2025\/10\/fuer-gastronomen.jpg\" class=\"attachment-large size-large wp-image-259\" alt=\"\" srcset=\"https:\/\/metzgereimischabel.ch\/wp-content\/uploads\/2025\/10\/fuer-gastronomen.jpg 768w, https:\/\/metzgereimischabel.ch\/wp-content\/uploads\/2025\/10\/fuer-gastronomen-300x169.jpg 300w\" sizes=\"(max-width: 768px) 100vw, 768px\" \/>\t\t\t\t\t\t\t\t\t\t\t\t\t\t\t<\/div>\n\t\t\t\t<\/div>\n\t\t\t\t<\/div>\n\t\t\t\t\t<\/div>\n\t\t\t\t<\/div>\n\t\t<div class=\"elementor-element elementor-element-872df17 quicklink-banner imgleft e-flex e-con-boxed e-con e-parent\" data-id=\"872df17\" data-element_type=\"container\" data-e-type=\"container\">\n\t\t\t\t\t<div class=\"e-con-inner\">\n\t\t<div class=\"elementor-element elementor-element-1cafb97 e-con-full e-flex e-con e-child\" data-id=\"1cafb97\" data-element_type=\"container\" data-e-type=\"container\">\n\t\t\t\t<div class=\"elementor-element elementor-element-9420216 elementor-widget elementor-widget-image\" data-id=\"9420216\" data-element_type=\"widget\" data-e-type=\"widget\" data-widget_type=\"image.default\">\n\t\t\t\t<div class=\"elementor-widget-container\">\n\t\t\t\t\t\t\t\t\t\t\t\t\t\t\t<img loading=\"lazy\" decoding=\"async\" width=\"800\" height=\"450\" src=\"https:\/\/metzgereimischabel.ch\/wp-content\/uploads\/2025\/10\/DSC06080-1024x576.jpg\" class=\"attachment-large size-large wp-image-441\" alt=\"\" srcset=\"https:\/\/metzgereimischabel.ch\/wp-content\/uploads\/2025\/10\/DSC06080-1024x576.jpg 1024w, https:\/\/metzgereimischabel.ch\/wp-content\/uploads\/2025\/10\/DSC06080-300x169.jpg 300w, https:\/\/metzgereimischabel.ch\/wp-content\/uploads\/2025\/10\/DSC06080-768x432.jpg 768w, https:\/\/metzgereimischabel.ch\/wp-content\/uploads\/2025\/10\/DSC06080-1536x864.jpg 1536w, https:\/\/metzgereimischabel.ch\/wp-content\/uploads\/2025\/10\/DSC06080-2048x1152.jpg 2048w\" sizes=\"(max-width: 800px) 100vw, 800px\" \/>\t\t\t\t\t\t\t\t\t\t\t\t\t\t\t<\/div>\n\t\t\t\t<\/div>\n\t\t\t\t<\/div>\n\t\t<div class=\"elementor-element elementor-element-a298226 e-con-full e-flex e-con e-child\" data-id=\"a298226\" data-element_type=\"container\" data-e-type=\"container\" data-settings=\"{&quot;background_background&quot;:&quot;classic&quot;}\">\n\t\t\t\t<div class=\"elementor-element elementor-element-9bfd5b7 elementor-widget elementor-widget-text-editor\" data-id=\"9bfd5b7\" data-element_type=\"widget\" data-e-type=\"widget\" data-widget_type=\"text-editor.default\">\n\t\t\t\t<div class=\"elementor-widget-container\">\n\t\t\t\t\t\t\t\t\t<h3>Catering &amp; Events<\/h3><p>For your drinks reception, birthday or corporate event \u2013 we will turn your celebration into a culinary experience.<\/p>\t\t\t\t\t\t\t\t<\/div>\n\t\t\t\t<\/div>\n\t\t\t\t<div class=\"elementor-element elementor-element-3ec1b80 elementor-widget elementor-widget-button\" data-id=\"3ec1b80\" data-element_type=\"widget\" data-e-type=\"widget\" data-widget_type=\"button.default\">\n\t\t\t\t<div class=\"elementor-widget-container\">\n\t\t\t\t\t\t\t\t\t<div class=\"elementor-button-wrapper\">\n\t\t\t\t\t<a class=\"elementor-button elementor-button-link elementor-size-sm\" href=\"https:\/\/metzgereimischabel.ch\/catering-events\/\">\n\t\t\t\t\t\t<span class=\"elementor-button-content-wrapper\">\n\t\t\t\t\t\t\t\t\t<span class=\"elementor-button-text\">Learn more<\/span>\n\t\t\t\t\t<\/span>\n\t\t\t\t\t<\/a>\n\t\t\t\t<\/div>\n\t\t\t\t\t\t\t\t<\/div>\n\t\t\t\t<\/div>\n\t\t\t\t<\/div>\n\t\t\t\t\t<\/div>\n\t\t\t\t<\/div>\n\t\t<div class=\"elementor-element elementor-element-f0ebe94 quicklink-banner imgright e-flex e-con-boxed e-con e-parent\" data-id=\"f0ebe94\" data-element_type=\"container\" data-e-type=\"container\">\n\t\t\t\t\t<div class=\"e-con-inner\">\n\t\t<div class=\"elementor-element elementor-element-40de029 e-con-full e-flex e-con e-child\" data-id=\"40de029\" data-element_type=\"container\" data-e-type=\"container\" data-settings=\"{&quot;background_background&quot;:&quot;classic&quot;}\">\n\t\t\t\t<div class=\"elementor-element elementor-element-f70f0e8 elementor-widget elementor-widget-text-editor\" data-id=\"f70f0e8\" data-element_type=\"widget\" data-e-type=\"widget\" data-widget_type=\"text-editor.default\">\n\t\t\t\t<div class=\"elementor-widget-container\">\n\t\t\t\t\t\t\t\t\t<h3>For private customers<\/h3><p>You will find almost everything your heart desires here.<\/p>\t\t\t\t\t\t\t\t<\/div>\n\t\t\t\t<\/div>\n\t\t\t\t<div class=\"elementor-element elementor-element-959e8e5 elementor-widget elementor-widget-button\" data-id=\"959e8e5\" data-element_type=\"widget\" data-e-type=\"widget\" data-widget_type=\"button.default\">\n\t\t\t\t<div class=\"elementor-widget-container\">\n\t\t\t\t\t\t\t\t\t<div class=\"elementor-button-wrapper\">\n\t\t\t\t\t<a class=\"elementor-button elementor-button-link elementor-size-sm\" href=\"https:\/\/metzgereimischabel.ch\/fuer-privatkunden\/\">\n\t\t\t\t\t\t<span class=\"elementor-button-content-wrapper\">\n\t\t\t\t\t\t\t\t\t<span class=\"elementor-button-text\">Learn more<\/span>\n\t\t\t\t\t<\/span>\n\t\t\t\t\t<\/a>\n\t\t\t\t<\/div>\n\t\t\t\t\t\t\t\t<\/div>\n\t\t\t\t<\/div>\n\t\t\t\t<\/div>\n\t\t<div class=\"elementor-element elementor-element-019f03f e-con-full e-flex e-con e-child\" data-id=\"019f03f\" data-element_type=\"container\" data-e-type=\"container\">\n\t\t\t\t<div class=\"elementor-element elementor-element-109fae3 elementor-widget elementor-widget-image\" data-id=\"109fae3\" data-element_type=\"widget\" data-e-type=\"widget\" data-widget_type=\"image.default\">\n\t\t\t\t<div class=\"elementor-widget-container\">\n\t\t\t\t\t\t\t\t\t\t\t\t\t\t\t<img loading=\"lazy\" decoding=\"async\" width=\"800\" height=\"534\" src=\"https:\/\/metzgereimischabel.ch\/wp-content\/uploads\/2025\/09\/3R4A9199-1024x683.jpg\" class=\"attachment-large size-large wp-image-108\" alt=\"\" srcset=\"https:\/\/metzgereimischabel.ch\/wp-content\/uploads\/2025\/09\/3R4A9199-1024x683.jpg 1024w, https:\/\/metzgereimischabel.ch\/wp-content\/uploads\/2025\/09\/3R4A9199-300x200.jpg 300w, https:\/\/metzgereimischabel.ch\/wp-content\/uploads\/2025\/09\/3R4A9199-768x512.jpg 768w, https:\/\/metzgereimischabel.ch\/wp-content\/uploads\/2025\/09\/3R4A9199-1536x1024.jpg 1536w, https:\/\/metzgereimischabel.ch\/wp-content\/uploads\/2025\/09\/3R4A9199-2048x1365.jpg 2048w\" sizes=\"(max-width: 800px) 100vw, 800px\" \/>\t\t\t\t\t\t\t\t\t\t\t\t\t\t\t<\/div>\n\t\t\t\t<\/div>\n\t\t\t\t<\/div>\n\t\t\t\t\t<\/div>\n\t\t\t\t<\/div>\n\t\t\t\t<\/div>\n\t\t","protected":false},"excerpt":{"rendered":"<p>Mischabel Butcher&#8217;s Shop, Saas-Fee Quality that connects. Mischabel butcher&#8217;s shop in Saas-Fee Whether for hotels, restaurants or private connoisseurs, we offer meat and sausage specialities of the highest quality. We also provide tailor-made catering for weddings, corporate events and family celebrations, including a barbecue service with spit grills and much more. For restaurateurs As a [&hellip;]<\/p>\n","protected":false},"author":1,"featured_media":713,"parent":0,"menu_order":0,"comment_status":"closed","ping_status":"closed","template":"","meta":{"footnotes":""},"class_list":["post-711","page","type-page","status-publish","has-post-thumbnail","hentry"],"yoast_head":"<!-- This site is optimized with the Yoast SEO plugin v27.3 - https:\/\/yoast.com\/product\/yoast-seo-wordpress\/ -->\n<title>Metzgerei Mischabel AG | Saas-Fee, Wallis<\/title>\n<meta name=\"description\" content=\"Bei uns erhalten Sie Fleisch- und Wurstspezialit\u00e4ten in bester Qualit\u00e4t. Zus\u00e4tzlich bieten wir massgeschneidertes Catering f\u00fcr Hochzeiten, Firmenfeste und Familienfeiern \u2013 inklusive Grillservice mit Spiessligrill und vielem mehr.\" \/>\n<meta name=\"robots\" content=\"index, follow, max-snippet:-1, max-image-preview:large, max-video-preview:-1\" \/>\n<link rel=\"canonical\" href=\"https:\/\/metzgereimischabel.ch\/en\/\" \/>\n<meta property=\"og:locale\" content=\"en_US\" \/>\n<meta property=\"og:type\" content=\"article\" \/>\n<meta property=\"og:title\" content=\"Metzgerei Mischabel AG | Saas-Fee, Wallis\" \/>\n<meta property=\"og:description\" content=\"Bei uns erhalten Sie Fleisch- und Wurstspezialit\u00e4ten in bester Qualit\u00e4t. Zus\u00e4tzlich bieten wir massgeschneidertes Catering f\u00fcr Hochzeiten, Firmenfeste und Familienfeiern \u2013 inklusive Grillservice mit Spiessligrill und vielem mehr.\" \/>\n<meta property=\"og:url\" content=\"https:\/\/metzgereimischabel.ch\/en\/\" \/>\n<meta property=\"og:site_name\" content=\"Metzgerei Mischabel AG |\u00a0Saas-Fee, Wallis\" \/>\n<meta property=\"article:modified_time\" content=\"2025-11-20T09:59:58+00:00\" \/>\n<meta property=\"og:image\" content=\"https:\/\/metzgereimischabel.ch\/wp-content\/uploads\/2025\/11\/VS-Rohschinken-scaled.jpg\" \/>\n\t<meta property=\"og:image:width\" content=\"2560\" \/>\n\t<meta property=\"og:image:height\" content=\"1707\" \/>\n\t<meta property=\"og:image:type\" content=\"image\/jpeg\" \/>\n<meta name=\"twitter:card\" content=\"summary_large_image\" \/>\n<meta name=\"twitter:label1\" content=\"Est. reading time\" \/>\n\t<meta name=\"twitter:data1\" content=\"2 minutes\" \/>\n<script type=\"application\/ld+json\" class=\"yoast-schema-graph\">{\"@context\":\"https:\\\/\\\/schema.org\",\"@graph\":[{\"@type\":\"WebPage\",\"@id\":\"https:\\\/\\\/metzgereimischabel.ch\\\/en\\\/\",\"url\":\"https:\\\/\\\/metzgereimischabel.ch\\\/en\\\/\",\"name\":\"Metzgerei Mischabel AG | Saas-Fee, Wallis\",\"isPartOf\":{\"@id\":\"https:\\\/\\\/metzgereimischabel.ch\\\/#website\"},\"primaryImageOfPage\":{\"@id\":\"https:\\\/\\\/metzgereimischabel.ch\\\/en\\\/#primaryimage\"},\"image\":{\"@id\":\"https:\\\/\\\/metzgereimischabel.ch\\\/en\\\/#primaryimage\"},\"thumbnailUrl\":\"https:\\\/\\\/metzgereimischabel.ch\\\/wp-content\\\/uploads\\\/2025\\\/11\\\/VS-Rohschinken-scaled.jpg\",\"datePublished\":\"2025-09-23T05:55:50+00:00\",\"dateModified\":\"2025-11-20T09:59:58+00:00\",\"description\":\"Bei uns erhalten Sie Fleisch- und Wurstspezialit\u00e4ten in bester Qualit\u00e4t. Zus\u00e4tzlich bieten wir massgeschneidertes Catering f\u00fcr Hochzeiten, Firmenfeste und Familienfeiern \u2013 inklusive Grillservice mit Spiessligrill und vielem mehr.\",\"breadcrumb\":{\"@id\":\"https:\\\/\\\/metzgereimischabel.ch\\\/en\\\/#breadcrumb\"},\"inLanguage\":\"en-US\",\"potentialAction\":[{\"@type\":\"ReadAction\",\"target\":[\"https:\\\/\\\/metzgereimischabel.ch\\\/en\\\/\"]}]},{\"@type\":\"ImageObject\",\"inLanguage\":\"en-US\",\"@id\":\"https:\\\/\\\/metzgereimischabel.ch\\\/en\\\/#primaryimage\",\"url\":\"https:\\\/\\\/metzgereimischabel.ch\\\/wp-content\\\/uploads\\\/2025\\\/11\\\/VS-Rohschinken-scaled.jpg\",\"contentUrl\":\"https:\\\/\\\/metzgereimischabel.ch\\\/wp-content\\\/uploads\\\/2025\\\/11\\\/VS-Rohschinken-scaled.jpg\",\"width\":2560,\"height\":1707},{\"@type\":\"BreadcrumbList\",\"@id\":\"https:\\\/\\\/metzgereimischabel.ch\\\/en\\\/#breadcrumb\",\"itemListElement\":[{\"@type\":\"ListItem\",\"position\":1,\"name\":\"Startseite\",\"item\":\"https:\\\/\\\/metzgereimischabel.ch\\\/en\\\/\"},{\"@type\":\"ListItem\",\"position\":2,\"name\":\"Home\"}]},{\"@type\":\"WebSite\",\"@id\":\"https:\\\/\\\/metzgereimischabel.ch\\\/#website\",\"url\":\"https:\\\/\\\/metzgereimischabel.ch\\\/\",\"name\":\"Metzgerei Mischabel AG |\u00a0Saas-Fee, Wallis\",\"description\":\"Ihr Partner in der Gastronomie\",\"publisher\":{\"@id\":\"https:\\\/\\\/metzgereimischabel.ch\\\/#organization\"},\"potentialAction\":[{\"@type\":\"SearchAction\",\"target\":{\"@type\":\"EntryPoint\",\"urlTemplate\":\"https:\\\/\\\/metzgereimischabel.ch\\\/?s={search_term_string}\"},\"query-input\":{\"@type\":\"PropertyValueSpecification\",\"valueRequired\":true,\"valueName\":\"search_term_string\"}}],\"inLanguage\":\"en-US\"},{\"@type\":\"Organization\",\"@id\":\"https:\\\/\\\/metzgereimischabel.ch\\\/#organization\",\"name\":\"Metzgerei Mischabel AG\",\"url\":\"https:\\\/\\\/metzgereimischabel.ch\\\/\",\"logo\":{\"@type\":\"ImageObject\",\"inLanguage\":\"en-US\",\"@id\":\"https:\\\/\\\/metzgereimischabel.ch\\\/#\\\/schema\\\/logo\\\/image\\\/\",\"url\":\"https:\\\/\\\/metzgereimischabel.ch\\\/wp-content\\\/uploads\\\/2025\\\/09\\\/Logo-Metzgerei-Mischabel-Saas-Fee.svg\",\"contentUrl\":\"https:\\\/\\\/metzgereimischabel.ch\\\/wp-content\\\/uploads\\\/2025\\\/09\\\/Logo-Metzgerei-Mischabel-Saas-Fee.svg\",\"width\":175,\"height\":71,\"caption\":\"Metzgerei Mischabel AG\"},\"image\":{\"@id\":\"https:\\\/\\\/metzgereimischabel.ch\\\/#\\\/schema\\\/logo\\\/image\\\/\"}}]}<\/script>\n<!-- \/ Yoast SEO plugin. -->","yoast_head_json":{"title":"Metzgerei Mischabel AG | Saas-Fee, Wallis","description":"Bei uns erhalten Sie Fleisch- und Wurstspezialit\u00e4ten in bester Qualit\u00e4t. Zus\u00e4tzlich bieten wir massgeschneidertes Catering f\u00fcr Hochzeiten, Firmenfeste und Familienfeiern \u2013 inklusive Grillservice mit Spiessligrill und vielem mehr.","robots":{"index":"index","follow":"follow","max-snippet":"max-snippet:-1","max-image-preview":"max-image-preview:large","max-video-preview":"max-video-preview:-1"},"canonical":"https:\/\/metzgereimischabel.ch\/en\/","og_locale":"en_US","og_type":"article","og_title":"Metzgerei Mischabel AG | Saas-Fee, Wallis","og_description":"Bei uns erhalten Sie Fleisch- und Wurstspezialit\u00e4ten in bester Qualit\u00e4t. Zus\u00e4tzlich bieten wir massgeschneidertes Catering f\u00fcr Hochzeiten, Firmenfeste und Familienfeiern \u2013 inklusive Grillservice mit Spiessligrill und vielem mehr.","og_url":"https:\/\/metzgereimischabel.ch\/en\/","og_site_name":"Metzgerei Mischabel AG |\u00a0Saas-Fee, Wallis","article_modified_time":"2025-11-20T09:59:58+00:00","og_image":[{"width":2560,"height":1707,"url":"https:\/\/metzgereimischabel.ch\/wp-content\/uploads\/2025\/11\/VS-Rohschinken-scaled.jpg","type":"image\/jpeg"}],"twitter_card":"summary_large_image","twitter_misc":{"Est. reading time":"2 minutes"},"schema":{"@context":"https:\/\/schema.org","@graph":[{"@type":"WebPage","@id":"https:\/\/metzgereimischabel.ch\/en\/","url":"https:\/\/metzgereimischabel.ch\/en\/","name":"Metzgerei Mischabel AG | Saas-Fee, Wallis","isPartOf":{"@id":"https:\/\/metzgereimischabel.ch\/#website"},"primaryImageOfPage":{"@id":"https:\/\/metzgereimischabel.ch\/en\/#primaryimage"},"image":{"@id":"https:\/\/metzgereimischabel.ch\/en\/#primaryimage"},"thumbnailUrl":"https:\/\/metzgereimischabel.ch\/wp-content\/uploads\/2025\/11\/VS-Rohschinken-scaled.jpg","datePublished":"2025-09-23T05:55:50+00:00","dateModified":"2025-11-20T09:59:58+00:00","description":"Bei uns erhalten Sie Fleisch- und Wurstspezialit\u00e4ten in bester Qualit\u00e4t. Zus\u00e4tzlich bieten wir massgeschneidertes Catering f\u00fcr Hochzeiten, Firmenfeste und Familienfeiern \u2013 inklusive Grillservice mit Spiessligrill und vielem mehr.","breadcrumb":{"@id":"https:\/\/metzgereimischabel.ch\/en\/#breadcrumb"},"inLanguage":"en-US","potentialAction":[{"@type":"ReadAction","target":["https:\/\/metzgereimischabel.ch\/en\/"]}]},{"@type":"ImageObject","inLanguage":"en-US","@id":"https:\/\/metzgereimischabel.ch\/en\/#primaryimage","url":"https:\/\/metzgereimischabel.ch\/wp-content\/uploads\/2025\/11\/VS-Rohschinken-scaled.jpg","contentUrl":"https:\/\/metzgereimischabel.ch\/wp-content\/uploads\/2025\/11\/VS-Rohschinken-scaled.jpg","width":2560,"height":1707},{"@type":"BreadcrumbList","@id":"https:\/\/metzgereimischabel.ch\/en\/#breadcrumb","itemListElement":[{"@type":"ListItem","position":1,"name":"Startseite","item":"https:\/\/metzgereimischabel.ch\/en\/"},{"@type":"ListItem","position":2,"name":"Home"}]},{"@type":"WebSite","@id":"https:\/\/metzgereimischabel.ch\/#website","url":"https:\/\/metzgereimischabel.ch\/","name":"Metzgerei Mischabel AG |\u00a0Saas-Fee, Wallis","description":"Ihr Partner in der Gastronomie","publisher":{"@id":"https:\/\/metzgereimischabel.ch\/#organization"},"potentialAction":[{"@type":"SearchAction","target":{"@type":"EntryPoint","urlTemplate":"https:\/\/metzgereimischabel.ch\/?s={search_term_string}"},"query-input":{"@type":"PropertyValueSpecification","valueRequired":true,"valueName":"search_term_string"}}],"inLanguage":"en-US"},{"@type":"Organization","@id":"https:\/\/metzgereimischabel.ch\/#organization","name":"Metzgerei Mischabel AG","url":"https:\/\/metzgereimischabel.ch\/","logo":{"@type":"ImageObject","inLanguage":"en-US","@id":"https:\/\/metzgereimischabel.ch\/#\/schema\/logo\/image\/","url":"https:\/\/metzgereimischabel.ch\/wp-content\/uploads\/2025\/09\/Logo-Metzgerei-Mischabel-Saas-Fee.svg","contentUrl":"https:\/\/metzgereimischabel.ch\/wp-content\/uploads\/2025\/09\/Logo-Metzgerei-Mischabel-Saas-Fee.svg","width":175,"height":71,"caption":"Metzgerei Mischabel AG"},"image":{"@id":"https:\/\/metzgereimischabel.ch\/#\/schema\/logo\/image\/"}}]}},"_links":{"self":[{"href":"https:\/\/metzgereimischabel.ch\/en\/wp-json\/wp\/v2\/pages\/711","targetHints":{"allow":["GET"]}}],"collection":[{"href":"https:\/\/metzgereimischabel.ch\/en\/wp-json\/wp\/v2\/pages"}],"about":[{"href":"https:\/\/metzgereimischabel.ch\/en\/wp-json\/wp\/v2\/types\/page"}],"author":[{"embeddable":true,"href":"https:\/\/metzgereimischabel.ch\/en\/wp-json\/wp\/v2\/users\/1"}],"replies":[{"embeddable":true,"href":"https:\/\/metzgereimischabel.ch\/en\/wp-json\/wp\/v2\/comments?post=711"}],"version-history":[{"count":3,"href":"https:\/\/metzgereimischabel.ch\/en\/wp-json\/wp\/v2\/pages\/711\/revisions"}],"predecessor-version":[{"id":719,"href":"https:\/\/metzgereimischabel.ch\/en\/wp-json\/wp\/v2\/pages\/711\/revisions\/719"}],"wp:featuredmedia":[{"embeddable":true,"href":"https:\/\/metzgereimischabel.ch\/en\/wp-json\/wp\/v2\/media\/713"}],"wp:attachment":[{"href":"https:\/\/metzgereimischabel.ch\/en\/wp-json\/wp\/v2\/media?parent=711"}],"curies":[{"name":"wp","href":"https:\/\/api.w.org\/{rel}","templated":true}]}}